{"id":1705,"date":"2018-01-29T16:42:25","date_gmt":"2018-01-29T15:42:25","guid":{"rendered":"https:\/\/www.freieradikale-hannover.de\/?page_id=1705"},"modified":"2019-05-13T21:31:55","modified_gmt":"2019-05-13T20:31:55","slug":"anmeldung-7-summits-2018","status":"publish","type":"page","link":"https:\/\/www.freieradikale-hannover.de\/?page_id=1705","title":{"rendered":"Anmeldung 7 Summits 2019"},"content":{"rendered":"<p><b>Die Anmeldung f\u00fcr 2019 ist er\u00f6ffnet,<\/b><\/p>\n<p>Mit der Anmeldung best\u00e4tige ich, die Bedingungen der Veranstaltung zur Kenntnis genommen zu haben und erkl\u00e4re mich einverstanden.<\/p>\n<p>Den Flyer gibt es <a href=\"https:\/\/www.freieradikale-hannover.de\/wp-content\/uploads\/2019\/04\/7S2019.pdf\">&lt;hier klicken&gt;<\/a> zum Download als pdf.<\/p>\n<p>Beachtet bitte auch unsere FAQ: <a href=\"https:\/\/www.freieradikale-hannover.de\/wp-admin\/post.php?post=1721\">&lt;hier klicken&gt;<\/a><br \/>\nFalls diese irgendeine Frage von euch nicht beantwortet, schickt\u00a0 bitte eine Anfrage \u00fcber dieses Formular und w\u00e4hlt &#8222;Frage&#8220; im Betreff&#8230;<\/p>\n<p><strong>Haftungserkl\u00e4rung f\u00fcr die Veranstaltung Seven Summits am 24.08.2019<\/strong><\/p>\n<ul style=\"list-style-type: circle;\">\n<li><strong>Es handelt sich um eine private Veranstaltung<\/strong><\/li>\n<li><strong>Jeder Teilnehmer ist selbst verantwortlich f\u00fcr den einwandfreien Zustand seines Fahrrades<\/strong><\/li>\n<li><strong>Es besteht Helmpflicht<\/strong><\/li>\n<li><strong>Es handelt sich um eine Veranstaltung, bei der ausdr\u00fccklich ein gel\u00e4ndetaugliches Fahrrad (Mountainbike) empfohlen wird<\/strong><\/li>\n<li><strong>Die Teilnahme erfolgt ausschlie\u00dflich auf eigenes Risiko<\/strong><\/li>\n<\/ul>\n<p><strong>Der Veranstalter (freie RADikale Hannover) \u00fcbernimmt keine Haftung bei Verletzungen und Materialsch\u00e4den<\/strong><\/p>\n<p><a href=\"https:\/\/www.freieradikale-hannover.de\/?page_id=523\" target=\"_blank\" rel=\"noopener noreferrer\"><span style=\"color: #99cc00;\" data-darkreader-inline-color=\"\">Datenschutzerklaerung hier klicken<\/span><\/a><\/p>\n\n\n<!-- Fast Secure Contact Form plugin 4.0.52 - begin - FastSecureContactForm.com -->\r\n<div style=\"clear:both;\"><\/div>\n<p>7 Summits 2019 Anmeldeformular<\/p>\r\n<div id=\"FSContact2\" style=\"width:99%; max-width:555px;\">\r\n<form action=\"https:\/\/www.freieradikale-hannover.de\/index.php?rest_route=%2Fwp%2Fv2%2Fpages%2F1705#FSContact2\" id=\"fscf_form2\" method=\"post\">\r\n\n<div id=\"fscf_required2\">\n  <span style=\"text-align:left;\">*<\/span> <span style=\"text-align:left;\">indicates required field<\/span>\n<\/div>\n\n\n<div id=\"fscf_div_clear2_0\" style=\"clear:both;\">\n  <div id=\"fscf_div_field2_0\" style=\"clear:left; float:left; width:99%; max-width:550px; margin-right:10px;\">\r\n    <div style=\"text-align:left; padding-top:5px;\">\n      <label style=\"text-align:left;\" for=\"fscf_name2\">Name:<span style=\"text-align:left;\">*<\/span><\/label>\n    <\/div>\r\n    <div style=\"text-align:left;\">\r\n      <input style=\"text-align:left; margin:0; width:99%; max-width:250px;\" type=\"text\" id=\"fscf_name2\" name=\"full_name\" value=\"\"  readonly=\"readonly\" \/>\r\n    <\/div>\r\n  <\/div>\n<\/div>\n\n<div id=\"fscf_div_clear2_1\" style=\"clear:both;\">\n  <div id=\"fscf_div_field2_1\" style=\"clear:left; float:left; width:99%; max-width:550px; margin-right:10px;\">\n    <div style=\"text-align:left; padding-top:5px;\">\n      <label style=\"text-align:left;\" for=\"fscf_email2\">Email:<span style=\"text-align:left;\">*<\/span><\/label>\n    <\/div>\n    <div style=\"text-align:left;\">\n      <input style=\"text-align:left; margin:0; width:99%; max-width:250px;\" type=\"text\" id=\"fscf_email2\" name=\"email\" value=\"\"  readonly=\"readonly\" \/>\n    <\/div>\n  <\/div>\n<\/div>\n\n<div id=\"fscf_div_clear2_2\" style=\"clear:both;\">\n  <div id=\"fscf_div_field2_2\" style=\"clear:left; float:left; width:99%; max-width:550px; margin-right:10px;\">\n    <div style=\"text-align:left; padding-top:5px;\">\n      <label style=\"text-align:left;\" for=\"fscf_field2_2\">Betreff:<span style=\"text-align:left;\">*<\/span><\/label>\n    <\/div>\n    <div style=\"text-align:left;\">\n      <select style=\"text-align:left;\" id=\"fscf_field2_2\" name=\"subject[]\">\n        <option value=\"1\">Seven Summits Anmeldung:<\/option>\n        <option value=\"2\">Seven Summits Frage:<\/option>\n      <\/select>\n    <\/div>\n  <\/div>\n<\/div>\n\n<div id=\"fscf_div_clear2_3\" style=\"clear:both;\">\n  <div id=\"fscf_div_field2_3\" style=\"clear:left; float:left; width:99%; max-width:550px; margin-right:10px;\">\n    <div style=\"text-align:left; padding-top:5px;\">\n      <label style=\"text-align:left;\" for=\"fscf_field2_3\">Nachricht:<span style=\"text-align:left;\">*<\/span><\/label>\n    <\/div>\n    <div style=\"text-align:left;\">\n      <textarea style=\"text-align:left; margin:0; width:99%; max-width:250px; height:120px;\" id=\"fscf_field2_3\" name=\"message\" cols=\"30\" rows=\"10\" ><\/textarea>\n    <\/div>\n  <\/div>\n<\/div>\n\n<div id=\"fscf_div_clear2_4\" style=\"clear:both;\">\n  <div id=\"fscf_div_field2_4\" style=\"clear:left; float:left; width:99%; max-width:550px; margin-right:10px;\">\n    <div  id=\"fscf_label2_4\" style=\"text-align:left; padding-top:5px;\">\r\n      <label style=\"text-align:left;\" for=\"fscf_field2_4\">Handynummer fuer WhatsApp Gruppe (nur zur Koordination)<span style=\"text-align:left;\">*<\/span><\/label>\n    <\/div>\n    <div style=\"text-align:left;\">\n      <input style=\"text-align:left; margin:0; width:99%; max-width:250px;\" type=\"text\" id=\"fscf_field2_4\" name=\"Handynummer-fuer-WhatsApp-Gruppe\" value=\"\"  \/>\n    <\/div>\n  <\/div>\n<\/div>\n\n<div id=\"fscf_div_clear2_5\" style=\"clear:both;\">\n  <div id=\"fscf_div_field2_5\" style=\"clear:left; float:left; width:99%; max-width:550px; margin-right:10px;\">\n    <div  id=\"fscf_label2_5\" style=\"text-align:left; padding-top:5px;\">\n    <\/div>\n    <div style=\"text-align:left;\">\n      <span><input type=\"checkbox\" style=\"width:13px;\" id=\"fscf_field2_5\" name=\"Sie-erklaeren-sich-damit-einverstanden-d\" value=\"1\" \/> <label style=\"display:inline;\" for=\"fscf_field2_5\">Sie erkl\u00e4ren sich damit einverstanden, dass Ihre Daten zur Bearbeitung Ihrer Anfrage verwendet werden. Weitere Informationen und Widerrufshinweise finden Sie in der Datenschutzerkl\u00e4rung unter Info\/Datenschutzerklaerung.<span style=\"text-align:left;\">*<\/span><\/label><\/span>\n    <\/div>\n  <\/div>\n<\/div>\r\n<div style=\"clear:both;\"><\/div>\n\n<div style=\"text-align:left; padding-top:5px;\">\n<\/div>\n<div id=\"fscf_captcha_image_div2\" style=\"width:250px; height:65px; padding-top:2px;\">\n      <img loading=\"lazy\" decoding=\"async\" id=\"fscf_captcha_image2\" style=\"border-style:none; margin:0; padding:0px; padding-right:5px; float:left;\" src=\"https:\/\/www.freieradikale-hannover.de\/wp-content\/plugins\/si-contact-form\/captcha\/securimage_show.php?prefix=wAvHaCc7QCZQgTVC\" width=\"175\" height=\"60\" alt=\"CAPTCHA\" title=\"CAPTCHA\" \/>\n      <input id=\"fscf_captcha_prefix2\" type=\"hidden\" name=\"fscf_captcha_prefix2\" value=\"wAvHaCc7QCZQgTVC\" \/>\n     <div id=\"fscf_captcha_refresh2\">\n        <a href=\"#\" rel=\"nofollow\" title=\"Refresh\" onclick=\"fscf_captcha_refresh('2','\/wp-content\/plugins\/si-contact-form\/captcha','https:\/\/www.freieradikale-hannover.de\/wp-content\/plugins\/si-contact-form\/captcha\/securimage_show.php?prefix='); return false;\">\n        <img loading=\"lazy\" decoding=\"async\" src=\"https:\/\/www.freieradikale-hannover.de\/wp-content\/plugins\/si-contact-form\/captcha\/images\/refresh.png\" width=\"22\" height=\"20\" alt=\"Refresh\" style=\"border-style:none; margin:0; padding:0px; vertical-align:bottom;\" onclick=\"this.blur();\" \/><\/a>\r\n     <\/div>\r\n<\/div>\r\n\r\n<div id=\"fscf_captcha_field2\" style=\"text-align:left; padding-top:5px;\">\r\n     <label style=\"text-align:left;\" for=\"fscf_captcha_code2\">CAPTCHA Code:<span style=\"text-align:left;\">*<\/span><\/label>\r\n<\/div>\r\n<div style=\"text-align:left;\">\n     <input style=\"text-align:left; margin:0; width:50px;\" type=\"text\" value=\"\" autocomplete=\"off\" id=\"fscf_captcha_code2\" name=\"captcha_code\"  \/>\n<\/div>\n\n<div id=\"fscf_submit_div2\" style=\"text-align:left; clear:both; padding-top:15px;\">\r\n\t\t<input type=\"submit\" id=\"fscf_submit2\" style=\"cursor:pointer; margin:0;\" value=\"senden\"  onclick=\"this.disabled=true; this.value='Submitting...'; this.form.submit();\" \/> \n<\/div>\n\n<input type=\"hidden\" name=\"fscf_submitted\" value=\"0\" \/>\n<input type=\"hidden\" name=\"fs_postonce_2\" value=\"fc45a59b6a308d23e3b220053a3c5e08,1777728444\" \/>\n<input type=\"hidden\" name=\"si_contact_action\" value=\"send\" \/>\n<input type=\"hidden\" name=\"form_id\" value=\"2\" \/>\n<input type=\"hidden\" name=\"mailto_id\" value=\"1\" \/>\n\n<\/form>\n<\/div>\r\n<div style=\"clear:both;\"><\/div>\n\n<!-- Fast Secure Contact Form plugin 4.0.52 - end - FastSecureContactForm.com -->\n\n","protected":false},"excerpt":{"rendered":"<p>Die Anmeldung f\u00fcr 2019 ist er\u00f6ffnet, Mit der Anmeldung best\u00e4tige ich, die Bedingungen der Veranstaltung zur Kenntnis genommen zu haben und erkl\u00e4re mich einverstanden. Den Flyer gibt es &lt;hier klicken&gt; zum Download als pdf. Beachtet bitte auch unsere FAQ: &lt;hier klicken&gt; Falls diese irgendeine Frage von euch nicht beantwortet, schickt\u00a0 bitte eine Anfrage \u00fcber dieses [&hellip;]<\/p>\n","protected":false},"author":2,"featured_media":0,"parent":1717,"menu_order":0,"comment_status":"closed","ping_status":"closed","template":"","meta":{"footnotes":""},"class_list":["post-1705","page","type-page","status-publish","hentry"],"_links":{"self":[{"href":"https:\/\/www.freieradikale-hannover.de\/index.php?rest_route=\/wp\/v2\/pages\/1705","targetHints":{"allow":["GET"]}}],"collection":[{"href":"https:\/\/www.freieradikale-hannover.de\/index.php?rest_route=\/wp\/v2\/pages"}],"about":[{"href":"https:\/\/www.freieradikale-hannover.de\/index.php?rest_route=\/wp\/v2\/types\/page"}],"author":[{"embeddable":true,"href":"https:\/\/www.freieradikale-hannover.de\/index.php?rest_route=\/wp\/v2\/users\/2"}],"replies":[{"embeddable":true,"href":"https:\/\/www.freieradikale-hannover.de\/index.php?rest_route=%2Fwp%2Fv2%2Fcomments&post=1705"}],"version-history":[{"count":13,"href":"https:\/\/www.freieradikale-hannover.de\/index.php?rest_route=\/wp\/v2\/pages\/1705\/revisions"}],"predecessor-version":[{"id":1810,"href":"https:\/\/www.freieradikale-hannover.de\/index.php?rest_route=\/wp\/v2\/pages\/1705\/revisions\/1810"}],"up":[{"embeddable":true,"href":"https:\/\/www.freieradikale-hannover.de\/index.php?rest_route=\/wp\/v2\/pages\/1717"}],"wp:attachment":[{"href":"https:\/\/www.freieradikale-hannover.de\/index.php?rest_route=%2Fwp%2Fv2%2Fmedia&parent=1705"}],"curies":[{"name":"wp","href":"https:\/\/api.w.org\/{rel}","templated":true}]}}